{"id":9144,"date":"2020-09-12T15:24:17","date_gmt":"2020-09-12T14:24:17","guid":{"rendered":"https:\/\/www.justavenda.pt\/politica-de-utilizacao-e-seguranca\/"},"modified":"2022-07-04T21:48:56","modified_gmt":"2022-07-04T20:48:56","slug":"politica-de-utilizacao-e-seguranca","status":"publish","type":"page","link":"https:\/\/www.justavenda.pt\/en\/politica-de-utilizacao-e-seguranca\/","title":{"rendered":"Pol\u00edtica de utiliza\u00e7\u00e3o e seguran\u00e7a"},"content":{"rendered":"\t\t<div data-elementor-type=\"wp-page\" data-elementor-id=\"9144\" class=\"elementor elementor-9144 elementor-30\" data-elementor-post-type=\"page\">\n\t\t\t\t\t\t<section class=\"elementor-section elementor-top-section elementor-element elementor-element-9a73827 elementor-section-boxed elementor-section-height-default elementor-section-height-default\" data-id=\"9a73827\" data-element_type=\"section\" data-e-type=\"section\">\n\t\t\t\t\t\t<div class=\"elementor-container elementor-column-gap-default\">\n\t\t\t\t\t<div class=\"elementor-column elementor-col-100 elementor-top-column elementor-element elementor-element-0b9f949\" data-id=\"0b9f949\" data-element_type=\"column\" data-e-type=\"column\">\n\t\t\t<div class=\"elementor-widget-wrap elementor-element-populated\">\n\t\t\t\t\t\t<div class=\"elementor-element elementor-element-7307bfc elementor-widget elementor-widget-heading\" data-id=\"7307bfc\" data-element_type=\"widget\" data-e-type=\"widget\" data-widget_type=\"heading.default\">\n\t\t\t\t<div class=\"elementor-widget-container\">\n\t\t\t\t\t<h2 class=\"elementor-heading-title elementor-size-default\"><p class=\"MsoNormal\" align=\"center\" style=\"margin-left: 0cm;text-align:center\"><span>Pol\u00edtica\nde Utiliza\u00e7\u00e3o e Seguran\u00e7a<p><\/p><\/span><\/p><\/h2>\t\t\t\t<\/div>\n\t\t\t\t<\/div>\n\t\t\t\t\t<\/div>\n\t\t<\/div>\n\t\t\t\t\t<\/div>\n\t\t<\/section>\n\t\t\t\t<section class=\"elementor-section elementor-top-section elementor-element elementor-element-2abf7ea elementor-section-boxed elementor-section-height-default elementor-section-height-default\" data-id=\"2abf7ea\" data-element_type=\"section\" data-e-type=\"section\">\n\t\t\t\t\t\t<div class=\"elementor-container elementor-column-gap-default\">\n\t\t\t\t\t<div class=\"elementor-column elementor-col-100 elementor-top-column elementor-element elementor-element-baac67c\" data-id=\"baac67c\" data-element_type=\"column\" data-e-type=\"column\">\n\t\t\t<div class=\"elementor-widget-wrap elementor-element-populated\">\n\t\t\t\t\t\t<div class=\"elementor-element elementor-element-0befaf3 elementor-widget elementor-widget-text-editor\" data-id=\"0befaf3\" data-element_type=\"widget\" data-e-type=\"widget\" data-widget_type=\"text-editor.default\">\n\t\t\t\t<div class=\"elementor-widget-container\">\n\t\t\t\t\t\t\t\t\t<p class=\"MsoListParagraph\" style=\"mso-margin-top-alt:auto;mso-add-space:auto; text-align:justify;text-indent:-18.0pt;mso-list:l1 level1 lfo1\"><span style=\"font-size:9.0pt;font-family:Roboto;mso-fareast-font-family:Roboto; mso-bidi-font-family:Roboto;mso-font-kerning:5.0pt\">1.<span style=\"font-variant-numeric: normal; font-variant-east-asian: normal; font-stretch: normal; font-size: 7pt; line-height: normal; font-family: \"Times New Roman\";\">&nbsp;&nbsp;&nbsp;&nbsp;&nbsp; <\/span><\/span><span style=\"font-size:9.0pt;font-family:Roboto;mso-bidi-font-family:\"Times New Roman \\(Corpo CS\\)\"; mso-font-kerning:5.0pt\">GERAL<p><\/p><\/span><\/p><p class=\"MsoNormal\" style=\"mso-margin-top-alt:auto;margin-left:0cm;text-align: justify\"><span style=\"font-size:9.0pt;font-family:\"Roboto Light\";mso-bidi-font-family: \"Times New Roman \\(Corpo CS\\)\";mso-font-kerning:5.0pt\">Com a utiliza\u00e7\u00e3o do site\n<\/span><a href=\"file:\/\/10.118.192.11\/DataSort01\/JUSTAVENDA\/SITE\/Regulamentos%20Final\/www.justavenda.pt\"><span style=\"font-size: 9pt; font-family: \"Roboto Light\"; color: windowtext;\">www.justavenda.pt<\/span><\/a><span style=\"font-size:9.0pt;font-family: \"Roboto Light\";mso-bidi-font-family:\"Times New Roman \\(Corpo CS\\)\";mso-font-kerning: 5.0pt\">, o utilizador declara, sem necessidade de qualquer acto ou\nconsentimento, que aceita e compreende as condi\u00e7\u00f5es descritas nas Pol\u00edticas de\nUtiliza\u00e7\u00e3o e Seguran\u00e7a. Os presentes Termos e Condi\u00e7\u00f5es, que dever\u00e1 ler\natentamente, poder\u00e3o ser alterados a qualquer momento, considerando-se que as\naltera\u00e7\u00f5es entram em vigor a partir da data da sua coloca\u00e7\u00e3o neste site,\nfazendo-se expressa refer\u00eancia \u00e0 data de actualiza\u00e7\u00e3o.<p><\/p><\/span><\/p><p class=\"MsoNormal\" style=\"mso-margin-top-alt:auto;margin-left:0cm;text-align: justify\"><span style=\"font-size:9.0pt;font-family:\"Roboto Light\";mso-bidi-font-family: \"Times New Roman \\(Corpo CS\\)\";mso-font-kerning:5.0pt\">Contudo, as condi\u00e7\u00f5es\naqui descritas n\u00e3o dispensam a leitura e aceita\u00e7\u00e3o das Condi\u00e7\u00f5es Gerais e\nParticulares de Venda, por refer\u00eancia a cada processo de insolv\u00eancia e\nrespectiva modalidade de venda, promovidas neste site.<p><\/p><\/span><\/p><p class=\"MsoNormal\" style=\"mso-margin-top-alt:auto;margin-left:0cm;text-align: justify\"><span style=\"font-size:9.0pt;font-family:\"Roboto Light\";mso-bidi-font-family: \"Times New Roman \\(Corpo CS\\)\";mso-font-kerning:5.0pt\">O acesso, e subsequente\nutiliza\u00e7\u00e3o do site, \u00e9 considerado sinal inequ\u00edvoco de que o utilizador leu,\ncompreendeu e aceitou as condi\u00e7\u00f5es aqui descritas.<p><\/p><\/span><\/p><p class=\"MsoNormal\" style=\"mso-margin-top-alt:auto;margin-left:0cm;text-align: justify\"><span style=\"font-size:9.0pt;font-family:\"Roboto Light\";mso-bidi-font-family: \"Times New Roman \\(Corpo CS\\)\";mso-font-kerning:5.0pt\">\u00c9 expressamente proibida\na utiliza\u00e7\u00e3o do site, das suas funcionalidades e conte\u00fados para quaisquer\noutros fins que possam ser considerados ilegais, indignos ou prejudiciais da\nimagem da Justavenda Leiloeira, Unipessoal, Lda., sendo que qualquer acesso\nsuspeito de il\u00edcito ser\u00e1 comunicado \u00e0s autoridades competentes, n\u00e3o ficando\nprejudicadas outras ac\u00e7\u00f5es legais dispon\u00edveis \u00e0 Justavenda Leiloeira,\nUnipessoal, Lda.<p><\/p><\/span><\/p><p class=\"MsoListParagraph\" style=\"mso-margin-top-alt:auto;mso-add-space:auto; text-align:justify;text-indent:-18.0pt;mso-list:l1 level1 lfo1\"><span style=\"font-size:9.0pt;font-family:Roboto;mso-fareast-font-family:Roboto; mso-bidi-font-family:Roboto;mso-font-kerning:5.0pt\">2.<span style=\"font-variant-numeric: normal; font-variant-east-asian: normal; font-stretch: normal; font-size: 7pt; line-height: normal; font-family: \"Times New Roman\";\">&nbsp;&nbsp;&nbsp;&nbsp;&nbsp; <\/span><\/span><span style=\"font-size:9.0pt;font-family:Roboto;mso-bidi-font-family:\"Times New Roman \\(Corpo CS\\)\"; mso-font-kerning:5.0pt\">Condi\u00e7\u00f5es de Utiliza\u00e7\u00e3o:<p><\/p><\/span><\/p><p class=\"MsoNormal\" style=\"mso-margin-top-alt:auto;margin-left:0cm;text-align: justify\"><span style=\"font-size:9.0pt;font-family:\"Roboto Light\";mso-bidi-font-family: \"Times New Roman \\(Corpo CS\\)\";mso-font-kerning:5.0pt\">O utilizador declara e\ncompromete-se a:<p><\/p><\/span><\/p><p class=\"MsoListParagraphCxSpFirst\" style=\"mso-margin-top-alt:auto;mso-add-space: auto;text-align:justify;text-indent:-18.0pt;mso-list:l0 level1 lfo2\"><span style=\"font-size:9.0pt;font-family:\"Roboto Light\";mso-fareast-font-family:\"Roboto Light\"; mso-bidi-font-family:\"Roboto Light\";mso-font-kerning:5.0pt\">a)<span style=\"font-variant-numeric: normal; font-variant-east-asian: normal; font-stretch: normal; font-size: 7pt; line-height: normal; font-family: \"Times New Roman\";\">&nbsp;&nbsp;&nbsp;&nbsp;\n<\/span><\/span><span style=\"font-size:9.0pt;font-family:\"Roboto Light\"; mso-bidi-font-family:\"Times New Roman \\(Corpo CS\\)\";mso-font-kerning:5.0pt\">Ser\nmaior de idade;<p><\/p><\/span><\/p><p class=\"MsoListParagraphCxSpMiddle\" style=\"mso-margin-top-alt:auto;mso-add-space: auto;text-align:justify;text-indent:-18.0pt;mso-list:l0 level1 lfo2\"><span style=\"font-size:9.0pt;font-family:\"Roboto Light\";mso-fareast-font-family:\"Roboto Light\"; mso-bidi-font-family:\"Roboto Light\";mso-font-kerning:5.0pt\">b)<span style=\"font-variant-numeric: normal; font-variant-east-asian: normal; font-stretch: normal; font-size: 7pt; line-height: normal; font-family: \"Times New Roman\";\">&nbsp;&nbsp;&nbsp;&nbsp;\n<\/span><\/span><span style=\"font-size:9.0pt;font-family:\"Roboto Light\"; mso-bidi-font-family:\"Times New Roman \\(Corpo CS\\)\";mso-font-kerning:5.0pt\">Escolher\num login de acesso ao site<\/span><a href=\"file:\/\/10.118.192.11\/DataSort01\/JUSTAVENDA\/SITE\/Regulamentos%20Final\/www.justavenda.pt\"><span style=\"font-size: 9pt; font-family: \"Roboto Light\"; color: windowtext;\">www.justavenda.pt<\/span><\/a><span style=\"font-size:9.0pt;font-family: \"Roboto Light\";mso-bidi-font-family:\"Times New Roman \\(Corpo CS\\)\";mso-font-kerning: 5.0pt\"> cujo conte\u00fado n\u00e3o seja ofensivo e\/ou inapropriado, sob pena de o\nregisto n\u00e3o ser aceite;<p><\/p><\/span><\/p><p class=\"MsoListParagraphCxSpMiddle\" style=\"mso-margin-top-alt:auto;mso-add-space: auto;text-align:justify;text-indent:-18.0pt;mso-list:l0 level1 lfo2\"><span style=\"font-size:9.0pt;font-family:\"Roboto Light\";mso-fareast-font-family:\"Roboto Light\"; mso-bidi-font-family:\"Roboto Light\";mso-font-kerning:5.0pt\">c)<span style=\"font-variant-numeric: normal; font-variant-east-asian: normal; font-stretch: normal; font-size: 7pt; line-height: normal; font-family: \"Times New Roman\";\">&nbsp;&nbsp;&nbsp;&nbsp;&nbsp;\n<\/span><\/span><span style=\"font-size:9.0pt;font-family:\"Roboto Light\"; mso-bidi-font-family:\"Times New Roman \\(Corpo CS\\)\";mso-font-kerning:5.0pt\">Cumprir\nesta Pol\u00edtica de Utiliza\u00e7\u00e3o e Seguran\u00e7a e as Condi\u00e7\u00f5es Gerais e Particulares de\nVenda;<p><\/p><\/span><\/p><p class=\"MsoListParagraphCxSpMiddle\" style=\"mso-margin-top-alt:auto;mso-add-space: auto;text-align:justify;text-indent:-18.0pt;mso-list:l0 level1 lfo2\"><span style=\"font-size:9.0pt;font-family:\"Roboto Light\";mso-fareast-font-family:\"Roboto Light\"; mso-bidi-font-family:\"Roboto Light\";mso-font-kerning:5.0pt\">d)<span style=\"font-variant-numeric: normal; font-variant-east-asian: normal; font-stretch: normal; font-size: 7pt; line-height: normal; font-family: \"Times New Roman\";\">&nbsp;&nbsp;&nbsp;&nbsp;\n<\/span><\/span><span style=\"font-size:9.0pt;font-family:\"Roboto Light\"; mso-bidi-font-family:\"Times New Roman \\(Corpo CS\\)\";mso-font-kerning:5.0pt\">Manter\nseguro o dispositivo f\u00edsico com o qual acede ao site, bem como, os dados de\nacesso \u00e0s contas pessoais.<p><\/p><\/span><\/p><p class=\"MsoListParagraphCxSpMiddle\" style=\"mso-margin-top-alt:auto;mso-add-space: auto;text-align:justify;text-indent:-18.0pt;mso-list:l0 level1 lfo2\"><span style=\"font-size:9.0pt;font-family:\"Roboto Light\";mso-fareast-font-family:\"Roboto Light\"; mso-bidi-font-family:\"Roboto Light\";mso-font-kerning:5.0pt\">e)<span style=\"font-variant-numeric: normal; font-variant-east-asian: normal; font-stretch: normal; font-size: 7pt; line-height: normal; font-family: \"Times New Roman\";\">&nbsp;&nbsp;&nbsp;&nbsp;\n<\/span><\/span><span style=\"font-size:9.0pt;font-family:\"Roboto Light\"; mso-bidi-font-family:\"Times New Roman \\(Corpo CS\\)\";mso-font-kerning:5.0pt\">Responsabilizar-se\npor qualquer utiliza\u00e7\u00e3o indevida da sua conta na participa\u00e7\u00e3o das vendas\npromovidas no site quando tal utiliza\u00e7\u00e3o foi permitida por viola\u00e7\u00e3o dos pontos\nreferidos nas al\u00edneas anteriores;<p><\/p><\/span><\/p><p class=\"MsoListParagraphCxSpMiddle\" style=\"mso-margin-top-alt:auto;mso-add-space: auto;text-align:justify;text-indent:-18.0pt;mso-list:l0 level1 lfo2\"><span style=\"font-size:9.0pt;font-family:\"Roboto Light\";mso-fareast-font-family:\"Roboto Light\"; mso-bidi-font-family:\"Roboto Light\";mso-font-kerning:5.0pt\">f)<span style=\"font-variant-numeric: normal; font-variant-east-asian: normal; font-stretch: normal; font-size: 7pt; line-height: normal; font-family: \"Times New Roman\";\">&nbsp;&nbsp;&nbsp;&nbsp;&nbsp;&nbsp;\n<\/span><\/span><span style=\"font-size:9.0pt;font-family:\"Roboto Light\"; mso-bidi-font-family:\"Times New Roman \\(Corpo CS\\)\";mso-font-kerning:5.0pt\">No\nperturbar o acesso ao site www.justavenda.pt, nem impedir ou limitar o acesso\ndos restantes utilizadores ao site e suas funcionalidades, quaisquer que sejam\nos meios aplicados; <p><\/p><\/span><\/p><p class=\"MsoListParagraphCxSpMiddle\" style=\"mso-margin-top-alt:auto;mso-add-space: auto;text-align:justify;text-indent:-18.0pt;mso-list:l0 level1 lfo2\"><span style=\"font-size:9.0pt;font-family:\"Roboto Light\";mso-fareast-font-family:\"Roboto Light\"; mso-bidi-font-family:\"Roboto Light\";mso-font-kerning:5.0pt\">g)<span style=\"font-variant-numeric: normal; font-variant-east-asian: normal; font-stretch: normal; font-size: 7pt; line-height: normal; font-family: \"Times New Roman\";\">&nbsp;&nbsp;&nbsp;&nbsp;\n<\/span><\/span><span style=\"font-size:9.0pt;font-family:\"Roboto Light\"; mso-bidi-font-family:\"Times New Roman \\(Corpo CS\\)\";mso-font-kerning:5.0pt\">No\nmanipular os pre\u00e7os dos produtos anunciados e n\u00e3o interferir nas negocia\u00e7\u00f5es\nentre outros utilizadores, sob pena de cancelamento do an\u00fancio e suspens\u00e3o da\nconta;<p><\/p><\/span><\/p><p class=\"MsoListParagraphCxSpMiddle\" style=\"mso-margin-top-alt:auto;mso-add-space: auto;text-align:justify;text-indent:-18.0pt;mso-list:l0 level1 lfo2\"><span style=\"font-size:9.0pt;font-family:\"Roboto Light\";mso-fareast-font-family:\"Roboto Light\"; mso-bidi-font-family:\"Roboto Light\";mso-font-kerning:5.0pt\">h)<span style=\"font-variant-numeric: normal; font-variant-east-asian: normal; font-stretch: normal; font-size: 7pt; line-height: normal; font-family: \"Times New Roman\";\">&nbsp;&nbsp;&nbsp;&nbsp;\n<\/span><\/span><span style=\"font-size:9.0pt;font-family:\"Roboto Light\"; mso-bidi-font-family:\"Times New Roman \\(Corpo CS\\)\";mso-font-kerning:5.0pt\">No\ninfringir o direito \u00e0 privacidade, marca registada, segredo comercial, direito\nde autor ou direitos de propriedade intelectual da Justavenda Leiloeira,\nUnipessoal, Lda. ou qualquer visado pelos processos judiciais atribu\u00eddos e\npublicitados neste site;<p><\/p><\/span><\/p><p class=\"MsoListParagraphCxSpMiddle\" style=\"mso-margin-top-alt:auto;mso-add-space: auto;text-align:justify;text-indent:-18.0pt;mso-list:l0 level1 lfo2\"><span style=\"font-size:9.0pt;font-family:\"Roboto Light\";mso-fareast-font-family:\"Roboto Light\"; mso-bidi-font-family:\"Roboto Light\";mso-font-kerning:5.0pt\">i)<span style=\"font-variant-numeric: normal; font-variant-east-asian: normal; font-stretch: normal; font-size: 7pt; line-height: normal; font-family: \"Times New Roman\";\">&nbsp;&nbsp;&nbsp;&nbsp;&nbsp;&nbsp;\n<\/span><\/span><span style=\"font-size:9.0pt;font-family:\"Roboto Light\"; mso-bidi-font-family:\"Times New Roman \\(Corpo CS\\)\";mso-font-kerning:5.0pt\">No\nassumir a identidade de terceiros e n\u00e3o prestar falsas informa\u00e7\u00f5es sobre a sua\nliga\u00e7\u00e3o a uma pessoa ou entidade, sendo que o n\u00e3o cumprimento desta obriga\u00e7\u00e3o\nconfere \u00e0 Justavenda Leiloeira, Unipessoal, Lda. o direito a bloquear o acesso\nao seu site, sem direito a indemniza\u00e7\u00e3o e sem preju\u00edzo de posteriores a\u00e7\u00f5es\nlegais c\u00edveis a intentar contra o infrator; <p><\/p><\/span><\/p><p class=\"MsoListParagraphCxSpMiddle\" style=\"mso-margin-top-alt:auto;mso-add-space: auto;text-align:justify;text-indent:-18.0pt;mso-list:l0 level1 lfo2\"><span style=\"font-size:9.0pt;font-family:\"Roboto Light\";mso-fareast-font-family:\"Roboto Light\"; mso-bidi-font-family:\"Roboto Light\";mso-font-kerning:5.0pt\">j)<span style=\"font-variant-numeric: normal; font-variant-east-asian: normal; font-stretch: normal; font-size: 7pt; line-height: normal; font-family: \"Times New Roman\";\">&nbsp;&nbsp;&nbsp;&nbsp;&nbsp;&nbsp;\n<\/span><\/span><span style=\"font-size:9.0pt;font-family:\"Roboto Light\"; mso-bidi-font-family:\"Times New Roman \\(Corpo CS\\)\";mso-font-kerning:5.0pt\">\u00c9\nexpressamente proibida a utiliza\u00e7\u00e3o do site, das suas funcionalidades e\nconte\u00fado, para quaisquer outros fins que possam ser considerados ilegais,\nindignos ou prejudiciais da imagem da Justavenda Leiloeira, Unipessoal, Lda..<p><\/p><\/span><\/p><p class=\"MsoListParagraphCxSpMiddle\" style=\"mso-margin-top-alt:auto;mso-add-space: auto;text-align:justify;text-indent:-18.0pt;mso-list:l0 level1 lfo2\"><span style=\"font-size:9.0pt;font-family:\"Roboto Light\";mso-fareast-font-family:\"Roboto Light\"; mso-bidi-font-family:\"Roboto Light\";mso-font-kerning:5.0pt\">k)<span style=\"font-variant-numeric: normal; font-variant-east-asian: normal; font-stretch: normal; font-size: 7pt; line-height: normal; font-family: \"Times New Roman\";\">&nbsp;&nbsp;&nbsp;&nbsp;&nbsp;\n<\/span><\/span><span style=\"font-size:9.0pt;font-family:\"Roboto Light\"; mso-bidi-font-family:\"Times New Roman \\(Corpo CS\\)\";mso-font-kerning:5.0pt\">Qualquer\nacesso suspeito de il\u00edcito ser\u00e1 comunicado \u00e0s autoridades competentes, n\u00e3o\nsendo exclu\u00eddas outras a\u00e7\u00f5es legais dispon\u00edveis \u00e0 Justavenda Leiloeira,\nUnipessoal, Lda.<p><\/p><\/span><\/p><p class=\"MsoListParagraphCxSpMiddle\" style=\"mso-margin-top-alt:auto;mso-add-space: auto;text-align:justify;text-indent:-18.0pt;mso-list:l0 level1 lfo2\"><span style=\"font-size:9.0pt;font-family:\"Roboto Light\";mso-fareast-font-family:\"Roboto Light\"; mso-bidi-font-family:\"Roboto Light\";mso-font-kerning:5.0pt\">l)<span style=\"font-variant-numeric: normal; font-variant-east-asian: normal; font-stretch: normal; font-size: 7pt; line-height: normal; font-family: \"Times New Roman\";\">&nbsp;&nbsp;&nbsp;&nbsp;&nbsp;&nbsp;\n<\/span><\/span><span style=\"font-size:9.0pt;font-family:\"Roboto Light\"; mso-bidi-font-family:\"Times New Roman \\(Corpo CS\\)\";mso-font-kerning:5.0pt\">Por\nraz\u00f5es de seguran\u00e7a, a conta do utilizador poder\u00e1 ser suspensa, a crit\u00e9rio da\nJustavenda Leiloeira, Unipessoal, Lda., caso esta suspeite de qualquer\nilegitimidade, fraude ou qualquer outro acto contr\u00e1rio \u00e0s disposi\u00e7\u00f5es da\npresente Pol\u00edtica de Utiliza\u00e7\u00e3o e Seguran\u00e7a e\/ou Condi\u00e7\u00f5es Gerais e\nParticulares de Venda.<p><\/p><\/span><\/p><p class=\"MsoListParagraphCxSpMiddle\" style=\"mso-margin-top-alt:auto;mso-add-space: auto;text-align:justify\"><span style=\"font-size:9.0pt;font-family:\"Roboto Light\"; mso-bidi-font-family:\"Times New Roman \\(Corpo CS\\)\";mso-font-kerning:5.0pt\"><p>&nbsp;<\/p><\/span><\/p><p class=\"MsoListParagraphCxSpLast\" style=\"mso-margin-top-alt:auto;mso-add-space: auto;text-align:justify;text-indent:-18.0pt;mso-list:l1 level1 lfo1\"><span style=\"font-size:9.0pt;font-family:\"Roboto Light\";mso-fareast-font-family:\"Roboto Light\"; mso-bidi-font-family:\"Roboto Light\";mso-font-kerning:5.0pt\">3.<span style=\"font-variant-numeric: normal; font-variant-east-asian: normal; font-stretch: normal; font-size: 7pt; line-height: normal; font-family: \"Times New Roman\";\">&nbsp;&nbsp;&nbsp;&nbsp;&nbsp;\n<\/span><\/span><span style=\"font-size:9.0pt;font-family:Roboto; mso-bidi-font-family:\"Times New Roman \\(Corpo CS\\)\";mso-font-kerning:5.0pt\">&nbsp;Seguran\u00e7a dos Conte\u00fados e Utilizadores<\/span><span style=\"font-size:9.0pt;font-family:\"Roboto Light\";mso-bidi-font-family:\"Times New Roman \\(Corpo CS\\)\"; mso-font-kerning:5.0pt\"><p><\/p><\/span><\/p><p class=\"MsoNormal\" style=\"mso-margin-top-alt:auto;margin-left:0cm;text-align: justify\"><span style=\"font-size:9.0pt;font-family:\"Roboto Light\";mso-bidi-font-family: \"Times New Roman \\(Corpo CS\\)\";mso-font-kerning:5.0pt\">A <a name=\"_Hlk48224613\">Justavenda\nLeiloeira, Unipessoal, Lda<\/a>. empenha todos os seus esfor\u00e7os na seguran\u00e7a do\nsite e na disponibiliza\u00e7\u00e3o de correta informa\u00e7\u00e3o, utilizando os meios t\u00e9cnicos,\nf\u00edsicos que garantam prote\u00e7\u00e3o adequada, sendo certo que caso a mesma fique\ndesactualizada, ou caso contenha algum erro de descri\u00e7\u00e3o e de tipografia,\n\u00e0&nbsp;Justavenda Leiloeira, Unipessoal, Lda.&nbsp;reserva-se o direito de\nalterar ou corrigir a mesma, a qualquer momento, sem que para isso seja\nobrigada notificar previamente os utilizadores do site.<p><\/p><\/span><\/p><p class=\"MsoNormal\" style=\"mso-margin-top-alt:auto;margin-left:0cm;text-align: justify\"><span style=\"font-size:9.0pt;font-family:\"Roboto Light\";mso-bidi-font-family: \"Times New Roman \\(Corpo CS\\)\";mso-font-kerning:5.0pt\">Devido aos in\u00fameros\nvetores de acesso e elementos n\u00e3o controlados diretamente pela Justavenda\nLeiloeira, Unipessoal, Lda., cabe ainda informar que n\u00e3o \u00e9 poss\u00edvel certificar,\nn\u00e3o obstante os meios empregues, que os ficheiros dispon\u00edveis para download no\nsite estejam livres de v\u00edrus, worms, trojans, scripts e\/ou qualquer outro\nc\u00f3digo ou programa de computador que contenha a\u00e7\u00f5es destrutivas e\/ou\nprejudiciais. <p><\/p><\/span><\/p><p>\n\n\n\n\n\n\n\n\n\n\n\n\n\n\n\n\n\n\n\n\n\n\n\n\n\n\n\n\n\n\n\n\n\n\n\n\n\n\n\n\n\n\n\n\n\n<\/p><p class=\"MsoNormal\" style=\"mso-margin-top-alt:auto;margin-left:0cm;text-align: justify\"><span style=\"font-size:9.0pt;font-family:\"Roboto Light\";mso-bidi-font-family: \"Times New Roman \\(Corpo CS\\)\";mso-font-kerning:5.0pt\"><p>&nbsp;<\/p><\/span><\/p>\t\t\t\t\t\t\t\t<\/div>\n\t\t\t\t<\/div>\n\t\t\t\t\t<\/div>\n\t\t<\/div>\n\t\t\t\t\t<\/div>\n\t\t<\/section>\n\t\t\t\t<\/div>\n\t\t","protected":false},"excerpt":{"rendered":"<p>Pol\u00edtica de Utiliza\u00e7\u00e3o e Seguran\u00e7a 1.&nbsp;&nbsp;&nbsp;&nbsp;&nbsp; GERAL Com a utiliza\u00e7\u00e3o do site www.justavenda.pt, o utilizador declara, sem necessidade de qualquer acto ou consentimento, que aceita e compreende as condi\u00e7\u00f5es descritas nas Pol\u00edticas de Utiliza\u00e7\u00e3o e Seguran\u00e7a. Os presentes Termos e Condi\u00e7\u00f5es, que dever\u00e1 ler atentamente, poder\u00e3o ser alterados a qualquer momento, considerando-se que as altera\u00e7\u00f5es [&hellip;]<\/p>\n","protected":false},"author":1,"featured_media":0,"parent":0,"menu_order":0,"comment_status":"closed","ping_status":"closed","template":"elementor_header_footer","meta":{"_monsterinsights_skip_tracking":false,"_monsterinsights_sitenote_active":false,"_monsterinsights_sitenote_note":"","_monsterinsights_sitenote_category":0,"footnotes":""},"class_list":["post-9144","page","type-page","status-publish","hentry"],"acf":[],"aioseo_notices":[],"jetpack_sharing_enabled":true,"_links":{"self":[{"href":"https:\/\/www.justavenda.pt\/en\/wp-json\/wp\/v2\/pages\/9144","targetHints":{"allow":["GET"]}}],"collection":[{"href":"https:\/\/www.justavenda.pt\/en\/wp-json\/wp\/v2\/pages"}],"about":[{"href":"https:\/\/www.justavenda.pt\/en\/wp-json\/wp\/v2\/types\/page"}],"author":[{"embeddable":true,"href":"https:\/\/www.justavenda.pt\/en\/wp-json\/wp\/v2\/users\/1"}],"replies":[{"embeddable":true,"href":"https:\/\/www.justavenda.pt\/en\/wp-json\/wp\/v2\/comments?post=9144"}],"version-history":[{"count":13,"href":"https:\/\/www.justavenda.pt\/en\/wp-json\/wp\/v2\/pages\/9144\/revisions"}],"predecessor-version":[{"id":23992,"href":"https:\/\/www.justavenda.pt\/en\/wp-json\/wp\/v2\/pages\/9144\/revisions\/23992"}],"wp:attachment":[{"href":"https:\/\/www.justavenda.pt\/en\/wp-json\/wp\/v2\/media?parent=9144"}],"curies":[{"name":"wp","href":"https:\/\/api.w.org\/{rel}","templated":true}]}}