{"id":13041,"date":"2020-09-12T15:24:17","date_gmt":"2020-09-12T14:24:17","guid":{"rendered":"https:\/\/www.justavenda.pt\/politica-de-utilizacao-e-seguranca\/"},"modified":"2021-12-14T22:51:12","modified_gmt":"2021-12-14T22:51:12","slug":"politica-de-utilizacao-e-seguranca","status":"publish","type":"page","link":"https:\/\/www.justavenda.pt\/it\/politica-de-utilizacao-e-seguranca\/","title":{"rendered":"Pol\u00edtica de utiliza\u00e7\u00e3o e seguran\u00e7a"},"content":{"rendered":"\t\t<div data-elementor-type=\"wp-page\" data-elementor-id=\"13041\" class=\"elementor elementor-13041 elementor-30\" data-elementor-post-type=\"page\">\n\t\t\t\t\t\t<section class=\"elementor-section elementor-top-section elementor-element elementor-element-9a73827 elementor-section-boxed elementor-section-height-default elementor-section-height-default\" data-id=\"9a73827\" data-element_type=\"section\" data-e-type=\"section\">\n\t\t\t\t\t\t<div class=\"elementor-container elementor-column-gap-default\">\n\t\t\t\t\t<div class=\"elementor-column elementor-col-100 elementor-top-column elementor-element elementor-element-0b9f949\" data-id=\"0b9f949\" data-element_type=\"column\" data-e-type=\"column\">\n\t\t\t<div class=\"elementor-widget-wrap elementor-element-populated\">\n\t\t\t\t\t\t<div class=\"elementor-element elementor-element-7307bfc elementor-widget elementor-widget-heading\" data-id=\"7307bfc\" data-element_type=\"widget\" data-e-type=\"widget\" data-widget_type=\"heading.default\">\n\t\t\t\t<div class=\"elementor-widget-container\">\n\t\t\t\t\t<h2 class=\"elementor-heading-title elementor-size-default\"><p class=\"MsoNormal\" align=\"center\" style=\"margin-left:0cm;text-align:center\"><span style=\"color:#9C9B1F\">Politica di Utilizzazione e di Sicurezza<\/span><\/p><\/h2>\t\t\t\t<\/div>\n\t\t\t\t<\/div>\n\t\t\t\t\t<\/div>\n\t\t<\/div>\n\t\t\t\t\t<\/div>\n\t\t<\/section>\n\t\t\t\t<section class=\"elementor-section elementor-top-section elementor-element elementor-element-2abf7ea elementor-section-boxed elementor-section-height-default elementor-section-height-default\" data-id=\"2abf7ea\" data-element_type=\"section\" data-e-type=\"section\">\n\t\t\t\t\t\t<div class=\"elementor-container elementor-column-gap-default\">\n\t\t\t\t\t<div class=\"elementor-column elementor-col-100 elementor-top-column elementor-element elementor-element-baac67c\" data-id=\"baac67c\" data-element_type=\"column\" data-e-type=\"column\">\n\t\t\t<div class=\"elementor-widget-wrap elementor-element-populated\">\n\t\t\t\t\t\t<div class=\"elementor-element elementor-element-0befaf3 elementor-widget elementor-widget-text-editor\" data-id=\"0befaf3\" data-element_type=\"widget\" data-e-type=\"widget\" data-widget_type=\"text-editor.default\">\n\t\t\t\t<div class=\"elementor-widget-container\">\n\t\t\t\t\t\t\t\t\t<p style=\"mso-margin-top-alt: auto; mso-add-space: auto; text-align: justify; text-indent: -18.0pt; mso-list: l1 level1 lfo1;\"><span style=\"font-size: 9.0pt; font-family: Roboto; mso-fareast-font-family: Roboto; mso-bidi-font-family: Roboto; mso-font-kerning: 5.0pt;\">1.<span style=\"font-variant-numeric: normal; font-variant-east-asian: normal; font-stretch: normal; font-size: 7pt; line-height: normal;\">\u00a0\u00a0\u00a0\u00a0\u00a0 <\/span><\/span><span style=\"font-size: 9.0pt; font-family: Roboto;\">GENERALE<\/span><\/p><p style=\"mso-margin-top-alt: auto; margin-left: 0cm; text-align: justify;\"><span style=\"font-size: 12px;\">1. Generale<\/span><\/p><p style=\"mso-margin-top-alt: auto; margin-left: 0cm; text-align: justify;\"><span style=\"font-size: 12px;\">Con la mera utilizzazione del sito www.justavenda.pt l\u2019utilizzatore dichiara senza necessit\u00e0 di qualsiasi atto o consenso scritto, che accetta e comprende le condizioni descritte nella Politica di Utilizzazione e Sicurezza. I presenti termini e le presenti condizioni, che dovr\u00e0 leggere attentamente, potranno subire alterazioni\/modifiche in qualsiasi momento. Queste ultime entreranno in vigore a partire dalla data della loro collocazione nel sito, si far\u00e0 riferimento alla data della mera utilizzazione.<\/span><\/p><p style=\"mso-margin-top-alt: auto; margin-left: 0cm; text-align: justify;\"><span style=\"font-size: 12px;\">1.1. Contenuto<\/span><\/p><p style=\"mso-margin-top-alt: auto; margin-left: 0cm; text-align: justify;\"><span style=\"font-size: 12px;\">Le condizioni qui descritte non dispensano dalla lettura e accettazione delle Condizioni Generali e Particolari di Vendita con riferimento a qualsiasi processo di insolvenza e rispettiva modalit\u00e0 di vendita promossa in questo sito.<\/span><\/p><p style=\"mso-margin-top-alt: auto; margin-left: 0cm; text-align: justify;\"><span style=\"font-size: 12px;\">L\u2019accesso e la seguente utilizzazione del sito, \u00e8 considerato segnale inequivoco del fatto che l\u2019utilizzatore ha letto, compreso e ha accettato le condizioni qui descritte. <\/span><\/p><p style=\"mso-margin-top-alt: auto; margin-left: 0cm; text-align: justify;\"><span style=\"font-size: 12px;\">E\u2019 espressamente proibita l\u2019utilizzazione del sito, delle sue funzionalit\u00e0 e dei suoi contenuti per qualsiasi altro fine che possa essere considerato illegale, indegno o pregiudicare la immagine di Justavenda Leiloeira, Unipessoal, Lda, Pertanto, qualsiasi accesso sospetto di illecito sar\u00e0 prontamente comunicato alle autorit\u00e0 competenti, rimanendo sempre impregiudicate possibile azioni legali a tuttela degli interessi e diritti di Justavenda Leiloeira, Unipessoal, Lda.<\/span><\/p><p style=\"mso-margin-top-alt: auto; margin-left: 0cm; text-align: justify;\"><span style=\"font-size: 12px;\">2. Condizioni di Utilizzazione:<\/span><\/p><p style=\"mso-margin-top-alt: auto; margin-left: 0cm; text-align: justify;\"><span style=\"font-size: 12px;\">L\u2019utilizzatore dichiara e si impegna a:<\/span><\/p><p style=\"mso-margin-top-alt: auto; margin-left: 0cm; text-align: justify;\"><span style=\"font-size: 12px;\">a) Essere maggiore di et\u00e0;<\/span><\/p><p style=\"mso-margin-top-alt: auto; margin-left: 0cm; text-align: justify;\"><span style=\"font-size: 12px;\">b) Scegliere un login di accesso al sito www.justavenda.pt. Il cui contenuto non sia offensivo e\/o inappropriato, sotto pena di non accettare la registrazione;<\/span><\/p><p style=\"mso-margin-top-alt: auto; margin-left: 0cm; text-align: justify;\"><span style=\"font-size: 12px;\">c) Rispettare presente Politica di Utilizzazione e Sicurezza e le Condizioni Generali e Particolari di Vendita;<\/span><\/p><p style=\"mso-margin-top-alt: auto; margin-left: 0cm; text-align: justify;\"><span style=\"font-size: 12px;\">d) Mantenere sicuro il dispositivo fisico con il quale accede al sito, cos\u00ec come i dati di accesso si conti personali.<\/span><\/p><p style=\"mso-margin-top-alt: auto; margin-left: 0cm; text-align: justify;\"><span style=\"font-size: 12px;\">e) Essere responsabili per qualsiasi utilizzazione impropria dell\u2019account nella partecipazione alle vendite promosse nel sito, quando tale utilizzazione sia dovuta a seguito della violazione dei punti anteriori.<\/span><\/p><p style=\"mso-margin-top-alt: auto; margin-left: 0cm; text-align: justify;\"><span style=\"font-size: 12px;\">f) Non perturbare l\u2019accesso al sito www.justavenda.pt ne con qualsiasi mezzo impedire, limitare l\u2019accesso o l\u2019uso delle funzionalit\u00e0 agli altri utilizzatori;<\/span><\/p><p style=\"mso-margin-top-alt: auto; margin-left: 0cm; text-align: justify;\"><span style=\"font-size: 12px;\">g) Non manipolare i prezzi dei prodotti in annuncio, non interferire nelle negoziazioni tra gli utilizzatori, sotto pena della cancellazione dell\u2019annuncio e della sospensione del profilo dell\u2019utilizzatore;<\/span><\/p><p style=\"mso-margin-top-alt: auto; margin-left: 0cm; text-align: justify;\"><span style=\"font-size: 12px;\">h) Non infrangere: il diritto alla privacy, del marchio registrato o di qualsiasi altro segreto industriale; non ledere il diritto d\u2019autore o i diritti di propriet\u00e0 intellettuale di Justavenda Leiloeira, Unipessoal, Lda o qualsiasi altro diritto derivante o attribuito da procedimento giudiziali e\/o pubblicizzato in questo sito;<\/span><\/p><p style=\"mso-margin-top-alt: auto; margin-left: 0cm; text-align: justify;\"><span style=\"font-size: 12px;\">i) on assumere l\u2019identit\u00e0 di terzi e non fornire informazioni false sulla connessione ad altre persone o entit\u00e0 comunque definite. Il mancato rispetto di quest\u2019obbligo da a Justavenda\u00a0 Leiloiera, Unipessoal, Lda il diritto di bloccare l\u2019accesso al sito web, senza diritto al risarcimento e fatte salve le successive azioni civili da intentare contro l\u2019autore della violazione;<\/span><\/p><p style=\"mso-margin-top-alt: auto; margin-left: 0cm; text-align: justify;\"><span style=\"font-size: 12px;\">j) E\u2019 espressamente proibita la utilizzazione del sito, delle sue funzionalit\u00e0 e contenuti per qualsiasi altro fine che possa essere considerato illegale, indegno o pregiudicare la immagine di Justavenda\u00a0 Leiloiera, Unipessoal, Lda;<\/span><\/p><p style=\"mso-margin-top-alt: auto; margin-left: 0cm; text-align: justify;\"><span style=\"font-size: 12px;\">k) Qualsiasi accesso sospetto di illeceit\u00e0 sar\u00e0 comunicato alle autorit\u00e0 competenti, non essendo l\u2019eventuale esperimento di altre azioni legali da parte di Justavenda\u00a0 Leiloiera, Unipessoal, Lda<\/span><\/p><p style=\"mso-margin-top-alt: auto; margin-left: 0cm; text-align: justify;\"><span style=\"font-size: 12px;\">l) Per ragioni di sicurezza, il profilo dell\u2019utilizzatore potr\u00e0 essere sospeso a criterio di Justavenda\u00a0 Leiloiera, Unipessoal, Lda, in particolare modo nel caso in cui sia sospetto di qualsiasi illegittimit\u00e0, frode o qualsiasi altro atto contrario alle disposizioni della presente Politica de Utilizzazione e Sicurezza e\/o Condizioni Generali e Particolari di Vendit\u00e0-<\/span><\/p><p style=\"mso-margin-top-alt: auto; margin-left: 0cm; text-align: justify;\"><span style=\"font-size: 12px;\">\u00a0<\/span><\/p><p style=\"mso-margin-top-alt: auto; margin-left: 0cm; text-align: justify;\"><span style=\"font-size: 12px;\">3. Sicurezza dei contenuti e degli utilizzatori.<\/span><\/p><p style=\"mso-margin-top-alt: auto; margin-left: 0cm; text-align: justify;\"><span style=\"font-size: 12px;\">\u00a0 \u00a0 Justavenda\u00a0 Leiloiera, Unipessoal, Lda, fa ogni sforzo per proteggere il sito e fornire informazioni corrette, utilizzando mezzi tecnici e fisici che garantiscono un&#8217;adeguata protezione. Nel caso di mancato aggiornamento o se il sito contiene errori nella descrizione e nella tipografia, Justavenda Leiloeira, Unipessoal, Lda. si riserva il diritto di modificarlo o correggerlo, in qualsiasi momento, senza dover informare preventivamente gli utenti del sito.<\/span><\/p><p style=\"mso-margin-top-alt: auto; margin-left: 0cm; text-align: justify;\"><span style=\"font-size: 12px;\"> A causa dei numerosi vettori\/modalit\u00e0 di accesso ed altri elementi non direttamente controllati da Justavenda Leiloeira, Unipessoal, Lda., si segnala che non \u00e8 possibile garantire, indipendentemente dal mezzo utilizzato, che i file scaricabili dal sito siano privi di virus, worm, trojan, script e\/o qualsiasi altro codice o programma informatico che contenga azioni distruttive e\/o dannose.<\/span><\/p>\t\t\t\t\t\t\t\t<\/div>\n\t\t\t\t<\/div>\n\t\t\t\t\t<\/div>\n\t\t<\/div>\n\t\t\t\t\t<\/div>\n\t\t<\/section>\n\t\t\t\t<\/div>\n\t\t","protected":false},"excerpt":{"rendered":"<p>Politica di Utilizzazione e di Sicurezza 1.\u00a0\u00a0\u00a0\u00a0\u00a0 GENERALE 1. Generale Con la mera utilizzazione del sito www.justavenda.pt l\u2019utilizzatore dichiara senza necessit\u00e0 di qualsiasi atto o consenso scritto, che accetta e comprende le condizioni descritte nella Politica di Utilizzazione e Sicurezza. I presenti termini e le presenti condizioni, che dovr\u00e0 leggere attentamente, potranno subire alterazioni\/modifiche in [&hellip;]<\/p>\n","protected":false},"author":1,"featured_media":0,"parent":0,"menu_order":0,"comment_status":"closed","ping_status":"closed","template":"elementor_header_footer","meta":{"_monsterinsights_skip_tracking":false,"_monsterinsights_sitenote_active":false,"_monsterinsights_sitenote_note":"","_monsterinsights_sitenote_category":0,"footnotes":""},"class_list":["post-13041","page","type-page","status-publish","hentry"],"acf":[],"aioseo_notices":[],"jetpack_sharing_enabled":true,"_links":{"self":[{"href":"https:\/\/www.justavenda.pt\/it\/wp-json\/wp\/v2\/pages\/13041","targetHints":{"allow":["GET"]}}],"collection":[{"href":"https:\/\/www.justavenda.pt\/it\/wp-json\/wp\/v2\/pages"}],"about":[{"href":"https:\/\/www.justavenda.pt\/it\/wp-json\/wp\/v2\/types\/page"}],"author":[{"embeddable":true,"href":"https:\/\/www.justavenda.pt\/it\/wp-json\/wp\/v2\/users\/1"}],"replies":[{"embeddable":true,"href":"https:\/\/www.justavenda.pt\/it\/wp-json\/wp\/v2\/comments?post=13041"}],"version-history":[{"count":9,"href":"https:\/\/www.justavenda.pt\/it\/wp-json\/wp\/v2\/pages\/13041\/revisions"}],"predecessor-version":[{"id":13055,"href":"https:\/\/www.justavenda.pt\/it\/wp-json\/wp\/v2\/pages\/13041\/revisions\/13055"}],"wp:attachment":[{"href":"https:\/\/www.justavenda.pt\/it\/wp-json\/wp\/v2\/media?parent=13041"}],"curies":[{"name":"wp","href":"https:\/\/api.w.org\/{rel}","templated":true}]}}